{"id":11,"date":"2009-10-20T13:25:01","date_gmt":"2009-10-20T11:25:01","guid":{"rendered":"http:\/\/www.belleville-new-media-design.com\/clients\/blog2\/?page_id=11"},"modified":"2024-08-19T09:19:06","modified_gmt":"2024-08-19T09:19:06","slug":"zur-person","status":"publish","type":"page","link":"https:\/\/en.mneukom.ch\/?page_id=11","title":{"rendered":"Person"},"content":{"rendered":"<div class=\"wp-block-image is-style-default\">\n<figure class=\"alignleft size-full is-resized\"><img loading=\"lazy\" decoding=\"async\" width=\"1753\" height=\"2560\" src=\"https:\/\/en.mneukom.ch\/wp-content\/uploads\/2021\/07\/M._Neukom-scaled-1.jpg\" alt=\"\" class=\"wp-image-1416\" style=\"width:205px;height:300px\" srcset=\"https:\/\/en.mneukom.ch\/wp-content\/uploads\/2021\/07\/M._Neukom-scaled-1.jpg 1753w, https:\/\/en.mneukom.ch\/wp-content\/uploads\/2021\/07\/M._Neukom-scaled-1-205x300.jpg 205w, https:\/\/en.mneukom.ch\/wp-content\/uploads\/2021\/07\/M._Neukom-scaled-1-701x1024.jpg 701w, https:\/\/en.mneukom.ch\/wp-content\/uploads\/2021\/07\/M._Neukom-scaled-1-768x1122.jpg 768w, https:\/\/en.mneukom.ch\/wp-content\/uploads\/2021\/07\/M._Neukom-scaled-1-1052x1536.jpg 1052w, https:\/\/en.mneukom.ch\/wp-content\/uploads\/2021\/07\/M._Neukom-scaled-1-1402x2048.jpg 1402w, https:\/\/en.mneukom.ch\/wp-content\/uploads\/2021\/07\/M._Neukom-scaled-1-131x192.jpg 131w\" sizes=\"auto, (max-width: 1753px) 100vw, 1753px\" \/><\/figure>\n<\/div>\n\n\n<div style=\"height:20px\" aria-hidden=\"true\" class=\"wp-block-spacer\"><\/div>\n\n\n\n<p>My work as a psychoanalyst, psychotherapist, supervisor, and business coach in private practice is based on well-established, widely recognised, and scientifically substantiated concepts and methods.<br><br>Framework of my 20 years of professional experience: <\/p>\n\n\n\n<ul class=\"wp-block-list\">\n<li>University training in clinical psychology, psychopathology, psychotherapy, psychoanalysis &amp; psychodynamic-systemic coaching<\/li>\n\n\n\n<li>State-certified psychotherapist &amp; licensed FSP psychologist (Federation of Swiss Psychologists)<\/li>\n\n\n\n<li>Private-practice approval from the Department of Health, Canton of Zurich<\/li>\n\n\n\n<li>Lecturer at Freud-Institut Z\u00fcrich<\/li>\n\n\n\n<li>Lecturer &amp; supervisor at the Institut f\u00fcr Angewandte Psychologie IAP (Z\u00fcrcher Hochschule f\u00fcr angewandte Wissenschaften ZHAW; MAS Coaching, Supervision &amp; Organisationsberatung)<\/li>\n\n\n\n<li>Lecturer, supervisor &amp; member of the Institut f\u00fcr Psychodynamische Organisationsentwicklung &amp; Personalmanagement D\u00fcsseldorf e.V. (POP)<\/li>\n\n\n\n<li>Research-, lecturing- &amp; publishing activities at the Department of Psychology, University of Zurich (1999-2013): psychotherapy &amp; coaching research project manager; deputy head of the Department of Clinical Psychology, Psychotherapy &amp; Psychoanalysis; chief of a psychotherapeutic practice<\/li>\n\n\n\n<li>Scientific publications in psychotherapy, psychoanalysis, coaching, literary &amp; cultural studies<\/li>\n\n\n\n<li>Long-standing experience as an artist, cultural manager &amp; managing director in private enterprises<\/li>\n<\/ul>\n\n\n\n<p><\/p>\n\n\n\n<p>To arrange a first consultation (free of charge), please contact:<br><a href=\"mailto:info@mneukom.ch\">info@mneukom.ch<\/a> or 077 432 24 96<\/p>\n","protected":false},"excerpt":{"rendered":"<p>My work as a psychoanalyst, psychotherapist, supervisor, and business coach in private practice is based on well-established, widely recognised, and scientifically substantiated concepts and methods. Framework of my 20 years of professional experience: To arrange a first consultation (free of charge), please contact:info@mneukom.ch or 077 432 24 96<\/p>\n","protected":false},"author":1,"featured_media":0,"parent":0,"menu_order":2,"comment_status":"closed","ping_status":"closed","template":"","meta":{"footnotes":""},"class_list":["post-11","page","type-page","status-publish","hentry"],"_links":{"self":[{"href":"https:\/\/en.mneukom.ch\/index.php?rest_route=\/wp\/v2\/pages\/11","targetHints":{"allow":["GET"]}}],"collection":[{"href":"https:\/\/en.mneukom.ch\/index.php?rest_route=\/wp\/v2\/pages"}],"about":[{"href":"https:\/\/en.mneukom.ch\/index.php?rest_route=\/wp\/v2\/types\/page"}],"author":[{"embeddable":true,"href":"https:\/\/en.mneukom.ch\/index.php?rest_route=\/wp\/v2\/users\/1"}],"replies":[{"embeddable":true,"href":"https:\/\/en.mneukom.ch\/index.php?rest_route=%2Fwp%2Fv2%2Fcomments&post=11"}],"version-history":[{"count":29,"href":"https:\/\/en.mneukom.ch\/index.php?rest_route=\/wp\/v2\/pages\/11\/revisions"}],"predecessor-version":[{"id":1666,"href":"https:\/\/en.mneukom.ch\/index.php?rest_route=\/wp\/v2\/pages\/11\/revisions\/1666"}],"wp:attachment":[{"href":"https:\/\/en.mneukom.ch\/index.php?rest_route=%2Fwp%2Fv2%2Fmedia&parent=11"}],"curies":[{"name":"wp","href":"https:\/\/api.w.org\/{rel}","templated":true}]}}